{"id":1787,"date":"2024-11-02T17:45:32","date_gmt":"2024-11-02T17:45:32","guid":{"rendered":"https:\/\/wordpress.sharifulsujon.me\/?page_id=1787"},"modified":"2025-05-13T08:31:20","modified_gmt":"2025-05-13T08:31:20","slug":"privacy-policy","status":"publish","type":"page","link":"https:\/\/carebox.fi\/en\/privacy-policy\/","title":{"rendered":"Privacy Policy"},"content":{"rendered":"\t\t<div data-elementor-type=\"wp-page\" data-elementor-id=\"1787\" class=\"elementor elementor-1787\">\n\t\t\t\t<div class=\"elementor-element elementor-element-537d9d2 e-flex e-con-boxed e-con e-parent\" data-id=\"537d9d2\" data-element_type=\"container\" data-e-type=\"container\">\n\t\t\t\t\t<div class=\"e-con-inner\">\n\t\t\t\t<div class=\"elementor-element elementor-element-9eaf41d elementor-widget elementor-widget-heading\" data-id=\"9eaf41d\" data-element_type=\"widget\" data-e-type=\"widget\" data-widget_type=\"heading.default\">\n\t\t\t\t<div class=\"elementor-widget-container\">\n\t\t\t\t\t<h2 class=\"elementor-heading-title elementor-size-default\">Privacy Policy<\/h2>\t\t\t\t<\/div>\n\t\t\t\t<\/div>\n\t\t\t\t<div class=\"elementor-element elementor-element-f62031d elementor-widget elementor-widget-text-editor\" data-id=\"f62031d\" data-element_type=\"widget\" data-e-type=\"widget\" data-widget_type=\"text-editor.default\">\n\t\t\t\t<div class=\"elementor-widget-container\">\n\t\t\t\t\t\t\t\t\t<p><span style=\"color: #0e0e0e;\"><span style=\"font-family: Arial, sans-serif;\"><span style=\"font-size: medium;\"><b>1.Controller and Contact Information<\/b><\/span><\/span><\/span><\/p><p><span style=\"color: #0e0e0e;\"><span style=\"font-family: Arial, sans-serif;\"><span style=\"font-size: small;\"><b>Registrar:<\/b><\/span><\/span><\/span><\/p><p><span style=\"color: #0e0e0e;\"><span style=\"font-family: Arial, sans-serif;\"><span style=\"font-size: small;\">CareBox Oy (Business ID: 2661762-3)<\/span><\/span><\/span><\/p><p><span style=\"color: #0e0e0e;\"><span style=\"font-family: Arial, sans-serif;\"><span style=\"font-size: small;\">Mailing Address: Sibeliuksenkatu 3 E, 04400 J\u00e4rvenp\u00e4\u00e4<\/span><\/span><\/span><\/p><p><span style=\"color: #0e0e0e;\"><span style=\"font-family: Arial, sans-serif;\"><span style=\"font-size: small;\">Email: info@carebox.fi, ramesh.rumba@carebox.fi<\/span><\/span><\/span><\/p><p><span style=\"color: #0e0e0e;\"><span style=\"font-family: Arial, sans-serif;\"><span style=\"font-size: small;\">Phone: +358406581779<\/span><\/span><\/span><\/p><p><span style=\"color: #0e0e0e;\"><span style=\"font-family: Arial, sans-serif;\"><span style=\"font-size: small;\"><b>Data Protection Officer:<\/b><\/span><\/span><\/span><\/p><p><span style=\"color: #0e0e0e;\"><span style=\"font-family: Arial, sans-serif;\"><span style=\"font-size: small;\">Ramesh Rumba<\/span><\/span><\/span><\/p><p><span style=\"color: #0e0e0e;\"><span style=\"font-family: Arial, sans-serif;\"><span style=\"font-size: small;\">Email: <\/span><\/span><\/span><a href=\"mailto:ramesh.rumba@carebox.fi\"><span style=\"color: #1155cc;\"><span style=\"font-family: Arial, sans-serif;\"><span style=\"font-size: small;\"><u>ramesh.rumba@carebox.fi<\/u><\/span><\/span><\/span><\/a><\/p><p class=\"western\"><span style=\"color: #0e0e0e;\"><span style=\"font-family: Arial, sans-serif;\"><span style=\"font-size: medium;\"><b>2. Collection of Personal Data<\/b><\/span><\/span><\/span><\/p><p class=\"western\"><span style=\"color: #0e0e0e;\"><span style=\"font-family: Arial, sans-serif;\"><span style=\"font-size: small;\">We collect personal data through various methods. Primarily, we process data that:<\/span><\/span><\/span><\/p><p class=\"western\"><span style=\"color: #0e0e0e;\">\u2022 <\/span><span style=\"color: #0e0e0e;\"><span style=\"font-family: Arial, sans-serif;\"><span style=\"font-size: small;\">Customers or data subjects provide to us directly;<\/span><\/span><\/span><\/p><p class=\"western\"><span style=\"color: #0e0e0e;\">\u2022 <\/span><span style=\"color: #0e0e0e;\"><span style=\"font-family: Arial, sans-serif;\"><span style=\"font-size: small;\">Is generated through the use of our services or visits to our website;<\/span><\/span><\/span><\/p><p class=\"western\"><span style=\"color: #0e0e0e;\">\u2022 <\/span><span style=\"color: #0e0e0e;\"><span style=\"font-family: Arial, sans-serif;\"><span style=\"font-size: small;\">Is obtained from public sources and databases, such as the Patent and Register Board, Legal Register Centre, Population Information System, Company and Community Information System, credit registers, and contact information services.<\/span><\/span><\/span><\/p><p class=\"western\"><span style=\"color: #0e0e0e;\"><span style=\"font-family: Arial, sans-serif;\"><span style=\"font-size: small;\">While providing personal data is not mandatory, it is required to access our services.<\/span><\/span><\/span><\/p><p class=\"western\"><span style=\"color: #0e0e0e;\"><span style=\"font-family: Arial, sans-serif;\"><span style=\"font-size: small;\">Types of data we may collect include:<\/span><\/span><\/span><\/p><p class=\"western\"><span style=\"color: #0e0e0e;\">\u2022 <\/span><span style=\"color: #0e0e0e;\"><span style=\"font-family: Arial, sans-serif;\"><span style=\"font-size: small;\"><b>Identification and Contact Information<\/b><\/span><\/span><\/span><span style=\"color: #0e0e0e;\"><span style=\"font-family: Arial, sans-serif;\"><span style=\"font-size: small;\">: Name, personal ID or birth date, title, email address, address, phone number, and bank details.<\/span><\/span><\/span><\/p><p class=\"western\"><span style=\"color: #0e0e0e;\">\u2022 <\/span><span style=\"color: #0e0e0e;\"><span style=\"font-family: Arial, sans-serif;\"><span style=\"font-size: small;\"><b>Customer Relationship Information<\/b><\/span><\/span><\/span><span style=\"color: #0e0e0e;\"><span style=\"font-family: Arial, sans-serif;\"><span style=\"font-size: small;\">: Service usage details, payment and billing information, and records of customer interactions.<\/span><\/span><\/span><\/p><p class=\"western\"><span style=\"color: #0e0e0e;\">\u2022 <\/span><span style=\"color: #0e0e0e;\"><span style=\"font-family: Arial, sans-serif;\"><span style=\"font-size: small;\"><b>Website Usage Data<\/b><\/span><\/span><\/span><span style=\"color: #0e0e0e;\"><span style=\"font-family: Arial, sans-serif;\"><span style=\"font-size: small;\">: Information collected via website technologies, including device identifiers, type, operating system, and app settings.<\/span><\/span><\/span><\/p><p class=\"western\"><span style=\"color: #0e0e0e;\">\u2022 <\/span><span style=\"color: #0e0e0e;\"><span style=\"font-family: Arial, sans-serif;\"><span style=\"font-size: small;\"><b>Additional Data<\/b><\/span><\/span><\/span><span style=\"color: #0e0e0e;\"><span style=\"font-family: Arial, sans-serif;\"><span style=\"font-size: small;\">: Other data types based on specific consents.<\/span><\/span><\/span><\/p><p class=\"western\"><span style=\"color: #0e0e0e;\"><span style=\"font-family: Arial, sans-serif;\"><span style=\"font-size: medium;\"><b>3. Purpose and Legal Basis for Processing Personal Data<\/b><\/span><\/span><\/span><\/p><p class=\"western\"><span style=\"color: #0e0e0e;\"><span style=\"font-family: Arial, sans-serif;\"><span style=\"font-size: small;\">Our collection and processing of personal data are limited to business operations, customer relationship management, and legitimate commercial purposes. We process data for:<\/span><\/span><\/span><\/p><p class=\"western\"><span style=\"color: #0e0e0e;\">\u2022 <\/span><span style=\"color: #0e0e0e;\"><span style=\"font-family: Arial, sans-serif;\"><span style=\"font-size: small;\"><b>Service Provision and Customer Relationship Management<\/b><\/span><\/span><\/span><span style=\"color: #0e0e0e;\"><span style=\"font-family: Arial, sans-serif;\"><span style=\"font-size: small;\">: This includes customer identification, contract management, communication, service reporting, and user authentication. Processing is based on the contract between us and the customer.<\/span><\/span><\/span><\/p><p class=\"western\"><span style=\"color: #0e0e0e;\">\u2022 <\/span><span style=\"color: #0e0e0e;\"><span style=\"font-family: Arial, sans-serif;\"><span style=\"font-size: small;\"><b>Marketing<\/b><\/span><\/span><\/span><span style=\"color: #0e0e0e;\"><span style=\"font-family: Arial, sans-serif;\"><span style=\"font-size: small;\">: We may use personal data for marketing our services, based on our legitimate interest. You have the right to object to direct marketing as outlined in Section 8.<\/span><\/span><\/span><\/p><p class=\"western\"><span style=\"color: #0e0e0e;\">\u2022 <\/span><span style=\"color: #0e0e0e;\"><span style=\"font-family: Arial, sans-serif;\"><span style=\"font-size: small;\"><b>Service Development, Security, and Internal Reporting<\/b><\/span><\/span><\/span><span style=\"color: #0e0e0e;\"><span style=\"font-family: Arial, sans-serif;\"><span style=\"font-size: small;\">: We may use personal data to ensure data security, enhance our services and website, and improve business processes. This processing is based on our legitimate interest.<\/span><\/span><\/span><\/p><p class=\"western\"><span style=\"color: #0e0e0e;\">\u2022 <\/span><span style=\"color: #0e0e0e;\"><span style=\"font-family: Arial, sans-serif;\"><span style=\"font-size: small;\"><b>Compliance with Legal Obligations<\/b><\/span><\/span><\/span><span style=\"color: #0e0e0e;\"><span style=\"font-family: Arial, sans-serif;\"><span style=\"font-size: small;\">: We may process personal data to meet regulatory obligations, such as accounting and legal disclosures required by authorities.<\/span><\/span><\/span><\/p><p class=\"western\"><span style=\"color: #0e0e0e;\"><span style=\"font-family: Arial, sans-serif;\"><span style=\"font-size: medium;\"><b>4. Disclosure of Personal Data<\/b><\/span><\/span><\/span><\/p><p class=\"western\"><span style=\"color: #0e0e0e;\"><span style=\"font-family: Arial, sans-serif;\"><span style=\"font-size: small;\">We may disclose personal data to third parties under the following conditions:<\/span><\/span><\/span><\/p><p class=\"western\"><span style=\"color: #0e0e0e;\">\u2022 <\/span><span style=\"color: #0e0e0e;\"><span style=\"font-family: Arial, sans-serif;\"><span style=\"font-size: small;\">To fulfill legal requirements, such as responding to requests from competent authorities or legal proceedings;<\/span><\/span><\/span><\/p><p class=\"western\"><span style=\"color: #0e0e0e;\">\u2022 <\/span><span style=\"color: #0e0e0e;\"><span style=\"font-family: Arial, sans-serif;\"><span style=\"font-size: small;\">When our partners or subcontractors process personal data on our behalf, in accordance with our instructions and privacy standards;<\/span><\/span><\/span><\/p><p class=\"western\"><span style=\"color: #0e0e0e;\">\u2022 <\/span><span style=\"color: #0e0e0e;\"><span style=\"font-family: Arial, sans-serif;\"><span style=\"font-size: small;\">If involved in a corporate merger, business transaction, or sale of business assets;<\/span><\/span><\/span><\/p><p class=\"western\"><span style=\"color: #0e0e0e;\">\u2022 <\/span><span style=\"color: #0e0e0e;\"><span style=\"font-family: Arial, sans-serif;\"><span style=\"font-size: small;\">If deemed necessary to protect our rights, investigate potential misconduct, or respond to a public authority request;<\/span><\/span><\/span><\/p><p class=\"western\"><span style=\"color: #0e0e0e;\">\u2022 <\/span><span style=\"color: #0e0e0e;\"><span style=\"font-family: Arial, sans-serif;\"><span style=\"font-size: small;\">With the data subject\u2019s consent.<\/span><\/span><\/span><\/p><p class=\"western\"><span style=\"color: #0e0e0e;\"><span style=\"font-family: Arial, sans-serif;\"><span style=\"font-size: medium;\"><b>5. Transfer of Personal Data Outside the EU or EEA<\/b><\/span><\/span><\/span><\/p><p class=\"western\"><span style=\"color: #0e0e0e;\"><span style=\"font-family: Arial, sans-serif;\"><span style=\"font-size: small;\">We do not transfer personal data outside the European Union or the European Economic Area.<\/span><\/span><\/span><\/p><p class=\"western\"><span style=\"color: #0e0e0e;\"><span style=\"font-family: Arial, sans-serif;\"><span style=\"font-size: medium;\"><b>6. Use of Cookies<\/b><\/span><\/span><\/span><\/p><p class=\"western\"><span style=\"color: #0e0e0e;\"><span style=\"font-family: Arial, sans-serif;\"><span style=\"font-size: small;\">Our website, www.carebox.fi, utilizes cookies and similar technologies to gather data for functionality and analytics. Cookies help us improve website usability and user experience. You may manage cookies through your browser settings, but this could affect website functionality.<\/span><\/span><\/span><\/p><p class=\"western\"><span style=\"color: #0e0e0e;\"><span style=\"font-family: Arial, sans-serif;\"><span style=\"font-size: small;\">For more details, see our Cookie Notice.<\/span><\/span><\/span><\/p><p class=\"western\"><span style=\"color: #0e0e0e;\"><span style=\"font-family: Arial, sans-serif;\"><span style=\"font-size: medium;\"><b>7. Retention of Personal Data<\/b><\/span><\/span><\/span><\/p><p class=\"western\"><span style=\"color: #0e0e0e;\"><span style=\"font-family: Arial, sans-serif;\"><span style=\"font-size: small;\">Personal data is retained only as long as necessary for the purpose it was collected. Data is stored for the duration of the customer relationship and may be retained longer if required by law, for instance, to manage claims in line with statutory limitation periods. Personal data is deleted when no longer needed for legal or contractual purposes, but no later than ten years after the end of the customer relationship.<\/span><\/span><\/span><\/p><p class=\"western\"><span style=\"color: #0e0e0e;\"><span style=\"font-family: Arial, sans-serif;\"><span style=\"font-size: medium;\"><b>8. Rights of the Data Subject<\/b><\/span><\/span><\/span><\/p><p class=\"western\"><span style=\"color: #0e0e0e;\"><span style=\"font-family: Arial, sans-serif;\"><span style=\"font-size: small;\">Data subjects have the right to:<\/span><\/span><\/span><\/p><p class=\"western\"><span style=\"color: #0e0e0e;\">\u2022 <\/span><span style=\"color: #0e0e0e;\"><span style=\"font-family: Arial, sans-serif;\"><span style=\"font-size: small;\">Inspect their personal data and request correction, updating, or deletion;<\/span><\/span><\/span><\/p><p class=\"western\"><span style=\"color: #0e0e0e;\">\u2022 <\/span><span style=\"color: #0e0e0e;\"><span style=\"font-family: Arial, sans-serif;\"><span style=\"font-size: small;\">Object to or restrict data processing as per applicable law;<\/span><\/span><\/span><\/p><p class=\"western\"><span style=\"color: #0e0e0e;\">\u2022 <\/span><span style=\"color: #0e0e0e;\"><span style=\"font-family: Arial, sans-serif;\"><span style=\"font-size: small;\">Transfer data between systems, in certain cases;<\/span><\/span><\/span><\/p><p class=\"western\"><span style=\"color: #0e0e0e;\">\u2022 <\/span><span style=\"color: #0e0e0e;\"><span style=\"font-family: Arial, sans-serif;\"><span style=\"font-size: small;\">Withdraw consent if processing is based on consent, subject to legal exceptions.<\/span><\/span><\/span><\/p><p class=\"western\"><span style=\"color: #0e0e0e;\"><span style=\"font-family: Arial, sans-serif;\"><span style=\"font-size: small;\">If you have concerns regarding our data processing, you may contact our Data Protection Officer. Contact details are also available on the Finnish Data Protection Authority\u2019s website: <\/span><\/span><\/span><a href=\"http:\/\/tietosuoja.fi\/yhteystiedot\"><span style=\"color: #1155cc;\"><span style=\"font-family: Arial, sans-serif;\"><span style=\"font-size: small;\"><u>tietosuoja.fi\/yhteystiedot<\/u><\/span><\/span><\/span><\/a><span style=\"color: #0e0e0e;\"><span style=\"font-family: Arial, sans-serif;\"><span style=\"font-size: small;\">.<\/span><\/span><\/span><\/p><p class=\"western\"><span style=\"color: #0e0e0e;\"><span style=\"font-family: Arial, sans-serif;\"><span style=\"font-size: medium;\"><b>9. Information Security<\/b><\/span><\/span><\/span><\/p><p class=\"western\"><span style=\"color: #0e0e0e;\"><span style=\"font-family: Arial, sans-serif;\"><span style=\"font-size: small;\">We employ appropriate safeguards, including physical, digital, and administrative measures, to protect personal data from unauthorized access, loss, misuse, and disclosure.<\/span><\/span><\/span><\/p><p class=\"western\"><span style=\"color: #0e0e0e;\"><span style=\"font-family: Arial, sans-serif;\"><span style=\"font-size: medium;\"><b>10. Changes to this Policy<\/b><\/span><\/span><\/span><\/p><p class=\"western\"><span style=\"color: #0e0e0e;\"><span style=\"font-family: Arial, sans-serif;\"><span style=\"font-size: small;\">We reserve the right to amend this policy. Updates will be published on our website, where the latest version will always be available.<\/span><\/span><\/span><\/p>\t\t\t\t\t\t\t\t<\/div>\n\t\t\t\t<\/div>\n\t\t\t\t\t<\/div>\n\t\t\t\t<\/div>\n\t\t\t\t<\/div>\n\t\t","protected":false},"excerpt":{"rendered":"<p>Privacy Policy 1.Controller and Contact Information Registrar: CareBox Oy (Business ID: 2661762-3) Mailing Address: Sibeliuksenkatu 3 E, 04400 J\u00e4rvenp\u00e4\u00e4 Email: info@carebox.fi, ramesh.rumba@carebox.fi Phone: +358406581779 Data Protection Officer: Ramesh Rumba Email: ramesh.rumba@carebox.fi 2. Collection of Personal Data We collect personal data through various methods. Primarily, we process data that: \u2022 Customers or data subjects provide to [&hellip;]<\/p>\n","protected":false},"author":1,"featured_media":0,"parent":0,"menu_order":0,"comment_status":"closed","ping_status":"closed","template":"","meta":{"nf_dc_page":"","_uag_custom_page_level_css":"","site-sidebar-layout":"no-sidebar","site-content-layout":"page-builder","ast-site-content-layout":"full-width-container","site-content-style":"default","site-sidebar-style":"default","ast-global-header-display":"","ast-banner-title-visibility":"","ast-main-header-display":"","ast-hfb-above-header-display":"","ast-hfb-below-header-display":"","ast-hfb-mobile-header-display":"","site-post-title":"disabled","ast-breadcrumbs-content":"","ast-featured-img":"disabled","footer-sml-layout":"","ast-disable-related-posts":"","theme-transparent-header-meta":"","adv-header-id-meta":"","stick-header-meta":"","header-above-stick-meta":"","header-main-stick-meta":"","header-below-stick-meta":"","astra-migrate-meta-layouts":"set","ast-page-background-enabled":"default","ast-page-background-meta":{"desktop":{"background-color":"","background-image":"","background-repeat":"repeat","background-position":"center center","background-size":"auto","background-attachment":"scroll","background-type":"","background-media":"","overlay-type":"","overlay-color":"","overlay-opacity":"","overlay-gradient":""},"tablet":{"background-color":"","background-image":"","background-repeat":"repeat","background-position":"center center","background-size":"auto","background-attachment":"scroll","background-type":"","background-media":"","overlay-type":"","overlay-color":"","overlay-opacity":"","overlay-gradient":""},"mobile":{"background-color":"","background-image":"","background-repeat":"repeat","background-position":"center center","background-size":"auto","background-attachment":"scroll","background-type":"","background-media":"","overlay-type":"","overlay-color":"","overlay-opacity":"","overlay-gradient":""}},"ast-content-background-meta":{"desktop":{"background-color":"var(--ast-global-color-5)","background-image":"","background-repeat":"repeat","background-position":"center center","background-size":"auto","background-attachment":"scroll","background-type":"","background-media":"","overlay-type":"","overlay-color":"","overlay-opacity":"","overlay-gradient":""},"tablet":{"background-color":"var(--ast-global-color-5)","background-image":"","background-repeat":"repeat","background-position":"center center","background-size":"auto","background-attachment":"scroll","background-type":"","background-media":"","overlay-type":"","overlay-color":"","overlay-opacity":"","overlay-gradient":""},"mobile":{"background-color":"var(--ast-global-color-5)","background-image":"","background-repeat":"repeat","background-position":"center center","background-size":"auto","background-attachment":"scroll","background-type":"","background-media":"","overlay-type":"","overlay-color":"","overlay-opacity":"","overlay-gradient":""}},"footnotes":""},"class_list":["post-1787","page","type-page","status-publish","hentry"],"uagb_featured_image_src":{"full":false,"thumbnail":false,"medium":false,"medium_large":false,"large":false,"1536x1536":false,"2048x2048":false},"uagb_author_info":{"display_name":"admin","author_link":"https:\/\/carebox.fi\/en\/author\/admin\/"},"uagb_comment_info":0,"uagb_excerpt":"Privacy Policy 1.Controller and Contact Information Registrar: CareBox Oy (Business ID: 2661762-3) Mailing Address: Sibeliuksenkatu 3 E, 04400 J\u00e4rvenp\u00e4\u00e4 Email: info@carebox.fi, ramesh.rumba@carebox.fi Phone: +358406581779 Data Protection Officer: Ramesh Rumba Email: ramesh.rumba@carebox.fi 2. Collection of Personal Data We collect personal data through various methods. Primarily, we process data that: \u2022 Customers or data subjects provide to&hellip;","jetpack_sharing_enabled":true,"_links":{"self":[{"href":"https:\/\/carebox.fi\/en\/wp-json\/wp\/v2\/pages\/1787","targetHints":{"allow":["GET"]}}],"collection":[{"href":"https:\/\/carebox.fi\/en\/wp-json\/wp\/v2\/pages"}],"about":[{"href":"https:\/\/carebox.fi\/en\/wp-json\/wp\/v2\/types\/page"}],"author":[{"embeddable":true,"href":"https:\/\/carebox.fi\/en\/wp-json\/wp\/v2\/users\/1"}],"replies":[{"embeddable":true,"href":"https:\/\/carebox.fi\/en\/wp-json\/wp\/v2\/comments?post=1787"}],"version-history":[{"count":19,"href":"https:\/\/carebox.fi\/en\/wp-json\/wp\/v2\/pages\/1787\/revisions"}],"predecessor-version":[{"id":1989,"href":"https:\/\/carebox.fi\/en\/wp-json\/wp\/v2\/pages\/1787\/revisions\/1989"}],"wp:attachment":[{"href":"https:\/\/carebox.fi\/en\/wp-json\/wp\/v2\/media?parent=1787"}],"curies":[{"name":"wp","href":"https:\/\/api.w.org\/{rel}","templated":true}]}}